{"id":487,"date":"2025-07-04T17:34:11","date_gmt":"2025-07-04T17:34:11","guid":{"rendered":"https:\/\/politec.agr.br\/wp\/?page_id=487"},"modified":"2026-02-04T13:02:54","modified_gmt":"2026-02-04T13:02:54","slug":"filmes-convencionais","status":"publish","type":"page","link":"https:\/\/politec.agr.br\/wp\/filmes-convencionais\/","title":{"rendered":"Filmes Convencionais"},"content":{"rendered":"\n\n\n\n\n\n\n<div class=\"wp-block-columns is-layout-flex wp-container-core-columns-is-layout-28f84493 wp-block-columns-is-layout-flex\">\n<div class=\"wp-block-column is-layout-flow wp-block-column-is-layout-flow\">\n<h2><strong><mark style=\"background-color:rgba(0, 0, 0, 0)\" class=\"has-inline-color has-vivid-green-cyan-color\">Filme UV e DL Convencional para estufas <\/mark><\/strong><\/h2>\n\n\n\n<p>A Politec desenvolve filmes agr\u00edcolas de alta performance especialmente projetados para estufas e cultivos protegidos, unindo tecnologia em prote\u00e7\u00e3o UV, resist\u00eancia mec\u00e2nica superior e longa durabilidade em campo.<\/p>\n\n\n\n<p>Nossos filmes s\u00e3o produzidos com mat\u00e9rias-primas selecionadas e aditivos estabilizadores UV, garantindo excelente transmiss\u00e3o de luz, maior prote\u00e7\u00e3o das plantas e redu\u00e7\u00e3o da degrada\u00e7\u00e3o causada pelo sol, mesmo em regi\u00f5es de alta radia\u00e7\u00e3o.<\/p>\n\n\n\n<p>Dependendo da micragem escolhida, os filmes Politec podem contar com garantia de f\u00e1brica que chega a at\u00e9 5 anos, oferecendo mais seguran\u00e7a ao produtor e melhor retorno sobre o investimento.<\/p>\n\n\n\n<p>Principais benef\u00edcios<\/p>\n\n\n\n<p>\u2714 Prote\u00e7\u00e3o UV avan\u00e7ada<br>\u2714 Alta resist\u00eancia ao rasgo, vento e intemp\u00e9ries<br>\u2714 Excelente difus\u00e3o e transmiss\u00e3o de luz<br>\u2714 Maior vida \u00fatil em compara\u00e7\u00e3o aos filmes convencionais<br>\u2714 Op\u00e7\u00f5es de micragem conforme a necessidade do cultivo<br>\u2714 Garantia estendida conforme especifica\u00e7\u00e3o t\u00e9cnica<\/p>\n\n\n\n<p>Indicados para o cultivo de hortali\u00e7as, flores e diversas culturas em ambiente protegido, os filmes Politec contribuem para um microclima mais est\u00e1vel, favorecendo a fotoss\u00edntese, o desenvolvimento das plantas e a qualidade da produ\u00e7\u00e3o.<\/p>\n\n\n\n<p>Politec \u00e9 sin\u00f4nimo de confian\u00e7a, durabilidade e inova\u00e7\u00e3o no agroneg\u00f3cio.<\/p>\n\n\n\n<p><\/p>\n\n\n\n<figure class=\"wp-block-image size-full is-resized\"><img loading=\"lazy\" decoding=\"async\" width=\"149\" height=\"100\" src=\"https:\/\/politec.agr.br\/wp\/wp-content\/uploads\/2025\/06\/logopr.png\" alt=\"\" class=\"wp-image-39\" style=\"aspect-ratio:1.4900969237252424;width:265px;height:auto\"\/><\/figure>\n<\/div>\n\n\n\n<div class=\"wp-block-column is-layout-flow wp-block-column-is-layout-flow\">\n<p><\/p>\n\n\n\n<p><\/p>\n\n\n\n<div class=\"wp-block-columns is-layout-flex wp-container-core-columns-is-layout-28f84493 wp-block-columns-is-layout-flex\">\n<div class=\"wp-block-column is-layout-flow wp-block-column-is-layout-flow\" style=\"flex-basis:100%\">\n<figure class=\"wp-block-image\"><img loading=\"lazy\" decoding=\"async\" width=\"400\" height=\"300\" src=\"https:\/\/politec.agr.br\/wp\/wp-content\/uploads\/2025\/07\/conv2-1.jpg\" alt=\"\" class=\"wp-image-524\" srcset=\"https:\/\/politec.agr.br\/wp\/wp-content\/uploads\/2025\/07\/conv2-1.jpg 400w, https:\/\/politec.agr.br\/wp\/wp-content\/uploads\/2025\/07\/conv2-1-300x225.jpg 300w\" sizes=\"auto, (max-width: 400px) 100vw, 400px\" \/><\/figure>\n\n\n\n<figure class=\"wp-block-image\"><img loading=\"lazy\" decoding=\"async\" width=\"400\" height=\"300\" src=\"https:\/\/politec.agr.br\/wp\/wp-content\/uploads\/2025\/07\/conv1.jpg\" alt=\"\" class=\"wp-image-523\" srcset=\"https:\/\/politec.agr.br\/wp\/wp-content\/uploads\/2025\/07\/conv1.jpg 400w, https:\/\/politec.agr.br\/wp\/wp-content\/uploads\/2025\/07\/conv1-300x225.jpg 300w\" sizes=\"auto, (max-width: 400px) 100vw, 400px\" \/><\/figure>\n\n\n\n<figure class=\"wp-block-image\"><img loading=\"lazy\" decoding=\"async\" width=\"400\" height=\"300\" src=\"https:\/\/politec.agr.br\/wp\/wp-content\/uploads\/2025\/07\/conv3.jpg\" alt=\"\" class=\"wp-image-525\" srcset=\"https:\/\/politec.agr.br\/wp\/wp-content\/uploads\/2025\/07\/conv3.jpg 400w, https:\/\/politec.agr.br\/wp\/wp-content\/uploads\/2025\/07\/conv3-300x225.jpg 300w\" sizes=\"auto, (max-width: 400px) 100vw, 400px\" \/><\/figure>\n<\/div>\n<\/div>\n\n\n\n<p><\/p>\n<\/div>\n<\/div>\n\n\n\n\n","protected":false},"excerpt":{"rendered":"<p>A Politec desenvolve filmes agr\u00edcolas de alta performance especialmente projetados para estufas e cultivos protegidos, unindo tecnologia em prote\u00e7\u00e3o UV, resist\u00eancia mec\u00e2nica superior e longa durabilidade em campo. Nossos filmes s\u00e3o produzidos com mat\u00e9rias-primas selecionadas e aditivos estabilizadores UV, garantindo<\/p>\n","protected":false},"author":1,"featured_media":0,"parent":0,"menu_order":0,"comment_status":"closed","ping_status":"closed","template":"","meta":{"pagelayer_contact_templates":[],"_pagelayer_content":"","_themeisle_gutenberg_block_has_review":false,"footnotes":""},"class_list":["post-487","page","type-page","status-publish","hentry"],"_links":{"self":[{"href":"https:\/\/politec.agr.br\/wp\/wp-json\/wp\/v2\/pages\/487","targetHints":{"allow":["GET"]}}],"collection":[{"href":"https:\/\/politec.agr.br\/wp\/wp-json\/wp\/v2\/pages"}],"about":[{"href":"https:\/\/politec.agr.br\/wp\/wp-json\/wp\/v2\/types\/page"}],"author":[{"embeddable":true,"href":"https:\/\/politec.agr.br\/wp\/wp-json\/wp\/v2\/users\/1"}],"replies":[{"embeddable":true,"href":"https:\/\/politec.agr.br\/wp\/wp-json\/wp\/v2\/comments?post=487"}],"version-history":[{"count":8,"href":"https:\/\/politec.agr.br\/wp\/wp-json\/wp\/v2\/pages\/487\/revisions"}],"predecessor-version":[{"id":610,"href":"https:\/\/politec.agr.br\/wp\/wp-json\/wp\/v2\/pages\/487\/revisions\/610"}],"wp:attachment":[{"href":"https:\/\/politec.agr.br\/wp\/wp-json\/wp\/v2\/media?parent=487"}],"curies":[{"name":"wp","href":"https:\/\/api.w.org\/{rel}","templated":true}]}}