{"id":472,"date":"2025-07-04T17:07:35","date_gmt":"2025-07-04T17:07:35","guid":{"rendered":"https:\/\/politec.agr.br\/wp\/?page_id=472"},"modified":"2025-07-04T18:21:10","modified_gmt":"2025-07-04T18:21:10","slug":"472-2","status":"publish","type":"page","link":"https:\/\/politec.agr.br\/wp\/472-2\/","title":{"rendered":"Estufa Flutuante"},"content":{"rendered":"\n\n\n\n\n\n\n<div class=\"wp-block-columns is-layout-flex wp-container-core-columns-is-layout-28f84493 wp-block-columns-is-layout-flex\">\n<div class=\"wp-block-column is-layout-flow wp-block-column-is-layout-flow\">\n<h2><mark style=\"background-color:rgba(0, 0, 0, 0)\" class=\"has-inline-color has-vivid-green-cyan-color\">Estufa Flutuante Politec<\/mark><\/h2>\n\n\n\n<p>A Estufa Flutuante Politec foi desenvolvida visando reduzir os custos na implanta\u00e7\u00e3o no sistema de plantio semi-hidrop\u00f4nico, destaca-se pela rapidez e praticidade na montagem.<\/p>\n\n\n\n<p>Oferece seguran\u00e7a a ventos fortes e grande economia em material, recomendada para a cultura do morango, framboesa, amora, mirtilo, pitaya, alface, r\u00facula etc.<\/p>\n\n\n\n<p>Um sistema inovador com muitas vantagens em rela\u00e7\u00e3o as estufas convencionais. Outro fator importante \u00e9 a economia em terraplanagem, visto que se adapta a terrenos com declividade, estrutura de baixo custo com facilidade para cobrir grandes \u00e1reas, \u00f3tima aliada no plantio semi-hidrop\u00f4nico<\/p>\n<\/div>\n\n\n\n<div class=\"wp-block-column is-layout-flow wp-block-column-is-layout-flow\">\n<div id=\"wp-block-themeisle-blocks-slider-4609800d\" class=\"wp-block-themeisle-blocks-slider glide\" data-per-view=\"1\" data-gap=\"0\" data-peek=\"0\" data-autoplay=\"true\" data-height=\"400px\" data-hide-arrows=\"false\"><div class=\"glide__track\" data-glide-el=\"track\"><div class=\"glide__slides\"><div class=\"wp-block-themeisle-blocks-slider-item-wrapper glide__slide\" tabindex=\"0\"><figure><img decoding=\"async\" class=\"wp-block-themeisle-blocks-slider-item\" src=\"https:\/\/politec.agr.br\/wp\/wp-content\/uploads\/2025\/07\/flutuante-2.jpg\" alt=\"\" title=\"\" data-id=\"473\"\/><\/figure><\/div><div class=\"wp-block-themeisle-blocks-slider-item-wrapper glide__slide\" tabindex=\"0\"><figure><img decoding=\"async\" class=\"wp-block-themeisle-blocks-slider-item\" src=\"https:\/\/politec.agr.br\/wp\/wp-content\/uploads\/2025\/07\/flutuante2-1.jpg\" alt=\"\" title=\"\" data-id=\"474\"\/><\/figure><\/div><div class=\"wp-block-themeisle-blocks-slider-item-wrapper glide__slide\" tabindex=\"0\"><figure><img decoding=\"async\" class=\"wp-block-themeisle-blocks-slider-item\" src=\"https:\/\/politec.agr.br\/wp\/wp-content\/uploads\/2025\/07\/flutuante3-1.jpg\" alt=\"\" title=\"\" data-id=\"475\"\/><\/figure><\/div><\/div><div class=\"glide__bullets\" data-glide-el=\"controls[nav]\"><button class=\"glide__bullet\" data-glide-dir=\"=0\"><\/button><button class=\"glide__bullet\" data-glide-dir=\"=1\"><\/button><button class=\"glide__bullet\" data-glide-dir=\"=2\"><\/button><\/div><\/div><\/div>\n<\/div>\n<\/div>\n\n\n\n\n\n\n\n<p><\/p>\n","protected":false},"excerpt":{"rendered":"<p>A Estufa Flutuante Politec foi desenvolvida visando reduzir os custos na implanta\u00e7\u00e3o no sistema de plantio semi-hidrop\u00f4nico, destaca-se pela rapidez e praticidade na montagem. Oferece seguran\u00e7a a ventos fortes e grande economia em material, recomendada para a cultura do morango,<\/p>\n","protected":false},"author":1,"featured_media":0,"parent":0,"menu_order":0,"comment_status":"closed","ping_status":"closed","template":"","meta":{"pagelayer_contact_templates":[],"_pagelayer_content":"","_themeisle_gutenberg_block_has_review":false,"footnotes":""},"class_list":["post-472","page","type-page","status-publish","hentry"],"_links":{"self":[{"href":"https:\/\/politec.agr.br\/wp\/wp-json\/wp\/v2\/pages\/472","targetHints":{"allow":["GET"]}}],"collection":[{"href":"https:\/\/politec.agr.br\/wp\/wp-json\/wp\/v2\/pages"}],"about":[{"href":"https:\/\/politec.agr.br\/wp\/wp-json\/wp\/v2\/types\/page"}],"author":[{"embeddable":true,"href":"https:\/\/politec.agr.br\/wp\/wp-json\/wp\/v2\/users\/1"}],"replies":[{"embeddable":true,"href":"https:\/\/politec.agr.br\/wp\/wp-json\/wp\/v2\/comments?post=472"}],"version-history":[{"count":10,"href":"https:\/\/politec.agr.br\/wp\/wp-json\/wp\/v2\/pages\/472\/revisions"}],"predecessor-version":[{"id":587,"href":"https:\/\/politec.agr.br\/wp\/wp-json\/wp\/v2\/pages\/472\/revisions\/587"}],"wp:attachment":[{"href":"https:\/\/politec.agr.br\/wp\/wp-json\/wp\/v2\/media?parent=472"}],"curies":[{"name":"wp","href":"https:\/\/api.w.org\/{rel}","templated":true}]}}